{"id":5517,"date":"2017-10-23T15:03:20","date_gmt":"2017-10-23T15:03:20","guid":{"rendered":"http:\/\/nadineandres.de\/?page_id=5517"},"modified":"2017-10-23T15:31:59","modified_gmt":"2017-10-23T15:31:59","slug":"impressum","status":"publish","type":"page","link":"https:\/\/nadineandres.de\/?page_id=5517","title":{"rendered":"Impressum"},"content":{"rendered":"<section><div class=\"container\"><div class=\"row\"><div class=\"wpb_column brando-column-container col-sm-12  col-xs-mobile-fullwidth\"><div class=\"vc-column-innner-wrapper\"><div class=\"wpd-innner-wrapper\"><p><span style=\"color: #000000;\">Andres Waschulewski GbR<\/span><br \/>\n<span style=\"color: #000000;\">Nadine Andres Waschulewski &amp; Andreas Waschulewski<\/span><\/p>\n<p><span style=\"color: #000000;\">Heinrich-Roller- Strasse 23<\/span><br \/>\n<span style=\"color: #000000;\">10405 Berlin<\/span><\/p>\n<div class=\"pe-block pe-view-layout-block pe-view-layout-block-29\">\n<div class=\"pe-container\">\n<p><span style=\"color: #000000;\">info[at]<a href=\"mailto:info@nadineandres.de\">nadineandres.de<\/a><\/span><\/p>\n<p><span style=\"color: #000000;\">Gesellschafter: Nadine Andres Waschulewski &amp; Andreas Waschulewski<\/span><\/p>\n<p><span style=\"color: #000000;\">Wir \u00fcbernehmen keine Haftung f\u00fcr die Vollst\u00e4ndigkeit und Richtigkeit dieses Angebotes sowie f\u00fcr Fehler redaktioneller und technischer Art. F\u00fcr Hinweise auf solche Unregelm\u00e4\u00dfigkeiten danken wir aber bereits jetzt. Die Gestaltung und der Inhalt dieses Angebotes kann ohne vorherige Ank\u00fcndigung ge\u00e4ndert oder entfernt werden. Soweit die Haftung beschr\u00e4nkt wird, gilt dies nicht, falls uns ein schuldhaftes vors\u00e4tzliches oder grob fahrl\u00e4ssiges Handeln oder Unterlassen zurechenbar ist oder wir die Verantwortlichkeit ausdr\u00fccklich zugestanden haben.<\/span><\/p>\n<\/div>\n<\/div>\n<div class=\"pe-block pe-view-layout-block pe-view-layout-block-30\">\n<div class=\"pe-container\">\n<p><span style=\"color: #000000;\">Externe Links<\/span><br \/>\n<span style=\"color: #000000;\">Die Bezugnahme und\/oder der Link auf das Angebot eines anderen Diensteanbieters dient lediglich der Information. Wir machen uns die Inhalte des Links nicht zu Eigen. Trotz regelm\u00e4\u00dfiger sorgf\u00e4ltiger und nach bestem Wissen und Gewissen erfolgter Pr\u00fcfung weiterf\u00fchrender Links auf deren Vereinbarkeit mit unserem Angebot und den allgemeinen Gesetzen sowie der Richtigkeit und Vollst\u00e4ndigkeit von Informationen, kann daf\u00fcr keine Gew\u00e4hr \u00fcbernommen werden. Grunds\u00e4tzlich ist jeder Anbieter selbst f\u00fcr den Inhalt und die Nutzung seines Internetdienstes verantwortlich, den er bereith\u00e4lt. Wir haben im allgemeinen keine Kenntnis und keinen Einfluss auf den Zeitpunkt, die Gestaltung und den Inhalt etwaiger \u00c4nderungen eines Links. Sollte unsere Seite oder ein Link Anlass zur inhaltlichen oder rechtlichen Beanstandung geben, so bitten wir umgehend um eine Kontaktaufnahme mit uns.<\/span><\/p>\n<p><span style=\"color: #000000;\">Urheber- und Kennzeichnungsrecht<\/span><br \/>\n<span style=\"color: #000000;\">Dieser Internetdienst ist urheber- und kennzeichenrechtlich gesch\u00fctzt. Der Schutz umfasst die Gestaltung der Homepage, die eingestellten Bilder und Grafiken sowie die Marken- und Warenzeichen. Genauso urheberrechtlich gesch\u00fctzt sind die auf- und abrufbaren Medien (Ton- und Filminhalte) sowie der redaktionelle Inhalt (Textbeitr\u00e4ge und Berichte etc.). Verst\u00f6\u00dfe gegen das Urheber- und Kennzeichenrecht, z.B. durch die ungenehmigte Verwendung, Ver\u00f6ffentlichung oder Weitergabe der Werke (z.B. Zitate, Bilder, Musikdateien) und Kennzeichen (z.B. Titel von Druckschriften, Musikwerken oder die Bezeichnung von Gesch\u00e4ften) k\u00f6nnen empfindliche Strafen sowie Unterlassungs- und Schadensersatzforderungen nach sich ziehen. Das Urheber- und Kennzeichenrecht bezieht sich auch auf die nur teilweise ungenehmigte Nutzung, Ver\u00f6ffentlichung oder Weitergabe gesch\u00fctzter Werke. Soweit Kennzeichen, Marken oder Werke von Drittanbietern eingestellt sind, geschieht dies ausschlie\u00dflich unter Beachtung deren Urheber- und Kennzeichnungsrechts. Auch diese Inhalte unterliegen grunds\u00e4tzlich dem zuvor genannten Urheber- und Kennzeichenrecht der Rechteinhaber und sind im allgemeinen nicht frei verwendbar. F\u00fcr umgehende Hinweise auf Rechtsverst\u00f6\u00dfe gegen das Urheber- und Kennzeichnungsrecht danken wir bereits jetzt.<\/span><\/p>\n<p><span style=\"color: #000000;\">Datenschutz<\/span><br \/>\n<span style=\"color: #000000;\">Grunds\u00e4tzlich werden ohne vorherige ausdr\u00fcckliche Belehrung und Einwilligung des Nutzers keine personenbezogenen Daten gespeichert, verarbeitet oder weitergegeben. Die auf unserer Seite verwendeten Cookies speichern keine pers\u00f6nlichen Daten des Nutzers. Sie weisen grunds\u00e4tzlich keinen Personenbezug auf. Sie dienen allein statistischen Zwecken und der Verbesserung unseres Angebotes. Sitzungscookies dienen ausschlie\u00dflich technischen Zwecken. Teilnehmer an Blogs oder Foren erhalten vor ihrer Registrierung einen gesonderten datenschutzrechtlichen Hinweis. Die Teilnehmerdaten dienen allein dem Betrieb des jeweiligen Dienstes. Die Daten werden weder entgeltlich noch unentgeltlich an Dritte weitergeben oder f\u00fcr Zwecke verarbeitet, die nicht im unmittelbaren Zusammenhang mit dem jeweiligen Angebot stehen und f\u00fcr dessen Aufrechterhaltung notwendig sind. Bei Fragen zum Datenschutz stehen wir Ihnen unter den im Impressum genannten Kontaktdaten gerne zur Verf\u00fcgung.<\/span><\/p>\n<p><span style=\"color: #000000;\">Rechtsanwendung<\/span><br \/>\n<span style=\"color: #000000;\">Der Nutzer dieses Angebotes akzeptiert, dass unser Dienst sowie s\u00e4mtliche damit m\u00f6glicherweise zusammenh\u00e4ngenden Rechtsfragen und Rechtsstreitigkeiten ausschlie\u00dflich der Geltung und der Anwendbarkeit des Rechts der Bundesrepublik Deutschland unterliegen.<\/span><\/p>\n<\/div>\n<\/div>\n<\/div><\/div><\/div><\/div><\/div><\/section>","protected":false},"excerpt":{"rendered":"<p>Andres Waschulewski GbR Nadine Andres Waschulewski &amp; Andreas Waschulewski Heinrich-Roller- Strasse 23 10405 Berlin info[at]nadineandres.de Gesellschafter: Nadine Andres Waschulewski &amp; Andreas Waschulewski Wir \u00fcbernehmen keine Haftung f\u00fcr die Vollst\u00e4ndigkeit und Richtigkeit dieses Angebotes sowie f\u00fcr Fehler redaktioneller und technischer Art. F\u00fcr Hinweise auf solche Unregelm\u00e4\u00dfigkeiten danken wir aber bereits jetzt. Die Gestaltung und der Inhalt [&hellip;]<\/p>\n","protected":false},"author":1,"featured_media":0,"parent":0,"menu_order":0,"comment_status":"closed","ping_status":"closed","template":"","meta":[],"_links":{"self":[{"href":"https:\/\/nadineandres.de\/index.php?rest_route=\/wp\/v2\/pages\/5517"}],"collection":[{"href":"https:\/\/nadineandres.de\/index.php?rest_route=\/wp\/v2\/pages"}],"about":[{"href":"https:\/\/nadineandres.de\/index.php?rest_route=\/wp\/v2\/types\/page"}],"author":[{"embeddable":true,"href":"https:\/\/nadineandres.de\/index.php?rest_route=\/wp\/v2\/users\/1"}],"replies":[{"embeddable":true,"href":"https:\/\/nadineandres.de\/index.php?rest_route=%2Fwp%2Fv2%2Fcomments&post=5517"}],"version-history":[{"count":6,"href":"https:\/\/nadineandres.de\/index.php?rest_route=\/wp\/v2\/pages\/5517\/revisions"}],"predecessor-version":[{"id":5523,"href":"https:\/\/nadineandres.de\/index.php?rest_route=\/wp\/v2\/pages\/5517\/revisions\/5523"}],"wp:attachment":[{"href":"https:\/\/nadineandres.de\/index.php?rest_route=%2Fwp%2Fv2%2Fmedia&parent=5517"}],"curies":[{"name":"wp","href":"https:\/\/api.w.org\/{rel}","templated":true}]}}