{"id":2751,"date":"2016-04-06T08:34:42","date_gmt":"2016-04-06T08:34:42","guid":{"rendered":"http:\/\/wpdemos.themezaa.com\/brando\/?page_id=2751"},"modified":"2017-10-23T14:45:35","modified_gmt":"2017-10-23T14:45:35","slug":"spa","status":"publish","type":"page","link":"https:\/\/nadineandres.de\/","title":{"rendered":"Home"},"content":{"rendered":"<section id=\"home\" class=\"no-padding\"><div class=\"container-fluid\"><div class=\"row\"><div id=\"brando-owl-slider3\" class=\"owl-carousel owl-theme brando-owl-slider3 square-pagination light-pagination dark-navigation white-cursor main-slider\"><div class=\"item owl-bg-img\" style=\"background-image:url(https:\/\/nadineandres.de\/wp-content\/uploads\/2017\/07\/LADEN-II.jpg)\"><div class=\"opacity-medium bg-dark-gray\"><\/div><div class=\"container full-screen position-relative\"><div class=\"col-md-12 slider-typography text-left\"><div class=\"slider-text-middle-main\"><div class=\"slider-text-middle slider-typography-option3\"><div class=\"col-md-1 no-padding\"><div class=\"bg-crimson-red separator-line-medium-thick xs-margin-seven-tb\"><\/div><\/div><div class=\"col-md-11 no-padding\"><p>In einer Berliner Remise treffen Stil und zeitgem\u00e4\u00dfe Flexibilit\u00e4t aufeinander und bewirken Gutes:<br \/>\nneue Kraft und vollkommene Entspannung f\u00fcr Sie. Ich freue mich auf Sie, Nadine Andres<\/p>\n<span class=\"white-text font-weight-600 alt-font text-uppercase\" style=\"color:#ffffff !important;\">Kosmetik und Massage<\/span><\/div><\/div><\/div><\/div><\/div><\/div><div class=\"item owl-bg-img\" style=\"background-image:url(https:\/\/nadineandres.de\/wp-content\/uploads\/2016\/04\/LADEN-I.jpg)\"><div class=\"opacity-medium bg-dark-gray\"><\/div><div class=\"container full-screen position-relative\"><div class=\"col-md-12 slider-typography text-left\"><div class=\"slider-text-middle-main\"><div class=\"slider-text-middle slider-typography-option3\"><div class=\"col-md-1 no-padding\"><div class=\"bg-crimson-red separator-line-medium-thick xs-margin-seven-tb\"><\/div><\/div><div class=\"col-md-11 no-padding\"><p>In einer Berliner Remise treffen Stil und zeitgem\u00e4\u00dfe Flexibilit\u00e4t aufeinander und bewirken Gutes:<br \/>\nneue Kraft und vollkommene Entspannung f\u00fcr Sie. Ich freue mich auf Sie, Nadine Andres<\/p>\n<span class=\"white-text font-weight-600 alt-font text-uppercase\">Kosmetik und Massage<\/span><\/div><\/div><\/div><\/div><\/div><\/div><div class=\"item owl-bg-img\" style=\"background-image:url(https:\/\/nadineandres.de\/wp-content\/uploads\/2016\/04\/LADEN.jpg)\"><div class=\"opacity-medium bg-dark-gray\"><\/div><div class=\"container full-screen position-relative\"><div class=\"col-md-12 slider-typography text-left\"><div class=\"slider-text-middle-main\"><div class=\"slider-text-middle slider-typography-option3\"><div class=\"col-md-1 no-padding\"><div class=\"bg-crimson-red separator-line-medium-thick xs-margin-seven-tb\"><\/div><\/div><div class=\"col-md-11 no-padding\"><p>In einer Berliner Remise treffen Stil und zeitgem\u00e4\u00dfe Flexibilit\u00e4t aufeinander und bewirken Gutes:<br \/>\nneue Kraft und vollkommene Entspannung f\u00fcr Sie. Ich freue mich auf Sie, Nadine Andres<\/p>\n<span class=\"white-text font-weight-600 alt-font text-uppercase\">Kosmetik und Massage<\/span><\/div><\/div><\/div><\/div><\/div><\/div><div class=\"item owl-bg-img\" style=\"background-image:url(https:\/\/nadineandres.de\/wp-content\/uploads\/2016\/04\/LADEN-III.jpg)\"><div class=\"opacity-medium bg-dark-gray\"><\/div><div class=\"container full-screen position-relative\"><div class=\"col-md-12 slider-typography text-left\"><div class=\"slider-text-middle-main\"><div class=\"slider-text-middle slider-typography-option3\"><div class=\"col-md-1 no-padding\"><div class=\"bg-crimson-red separator-line-medium-thick xs-margin-seven-tb\"><\/div><\/div><div class=\"col-md-11 no-padding\"><p>In einer Berliner Remise treffen Stil und zeitgem\u00e4\u00dfe Flexibilit\u00e4t aufeinander und bewirken Gutes:<br \/>\nneue Kraft und vollkommene Entspannung f\u00fcr Sie. Ich freue mich auf Sie, Nadine Andres<\/p>\n<span class=\"white-text font-weight-600 alt-font text-uppercase\">Kosmetik und Massage<\/span><\/div><\/div><\/div><\/div><\/div><\/div><\/div>    <script type=\"text\/javascript\">jQuery(document).ready(function () { jQuery(\"#brando-owl-slider3\").owlCarousel({ navigation: false,pagination: true,transitionStyle: \"fade\",autoPlay: 5000,stopOnHover: false, singleItem: true,paginationSpeed: 400,navigationText: [\"<i class='fa fa-angle-left'><\/i>\", \"<i class='fa fa-angle-right'><\/i>\"],afterInit: function(current) { \n                jQuery( current.find(\"video\") ).each(function( index ) {\n                    jQuery(this).parent().attr(\"style\", \"z-index: -9999 !important;\");\n                });\n                jQuery( current.find(\"iframe\") ).each(function( index ) {\n                    jQuery(this).parent().attr(\"style\", \"z-index: -9999 !important;\");\n                });\n            } }); });<\/script>\n    <\/div><\/div><\/section><section  id=\"about\" class=\"bg-image-srcset cover-background\" style=\"background: url(https:\/\/nadineandres.de\/wp-content\/uploads\/2016\/04\/aboutme_2.jpg) no-repeat;\" data-bg-srcset=\"https:\/\/nadineandres.de\/wp-content\/uploads\/2016\/04\/aboutme_2.jpg 1900w, https:\/\/nadineandres.de\/wp-content\/uploads\/2016\/04\/aboutme_2-300x130.jpg 300w, https:\/\/nadineandres.de\/wp-content\/uploads\/2016\/04\/aboutme_2-768x333.jpg 768w, https:\/\/nadineandres.de\/wp-content\/uploads\/2016\/04\/aboutme_2-1024x445.jpg 1024w, https:\/\/nadineandres.de\/wp-content\/uploads\/2016\/04\/aboutme_2-420x182.jpg 420w, https:\/\/nadineandres.de\/wp-content\/uploads\/2016\/04\/aboutme_2-1200x521.jpg 1200w\"><div class=\"container\"><div class=\"row\"><div class=\"wpb_column brando-column-container col-sm-12 col-md-12 col-xs-12 text-center margin-seven-bottom xs-margin-ten-bottom\"><div class=\"vc-column-innner-wrapper\"><div class=\"wpd-innner-wrapper\"><p><span class=\"text-uppercase title-extra-large alt-font text-decoration-line-through fast-pink-text \"><span class=\"display-block\">01<\/span><\/span><\/p>\n<h6 class=\"alt-font  heading-style7 no-margin brando_heading_1505399587-2-77\" style=\"color:#ffffff !important;\"><span class=\"crimson-red-text\">\/<\/span> Nadine Andres<\/h6><\/div><\/div><\/div><div class=\"wpb_column brando-column-container col-sm-6 col-md-5 col-xs-12 pull-right text-left md-text-left sm-text-left xs-text-left\"><div class=\"vc-column-innner-wrapper\"><div class=\"wpd-innner-wrapper\"><span class=\"text-extra-large margin-six-bottom display-inline-block alt-font black-text\" style=\"color:#ffffff !important;\">Pure Erholung f\u00fcr Ihre Haut, Ihren K\u00f6rper und Ihre Seele!<\/span><p><span style=\"color: #ffffff;\">Bereits in meiner Ausbildung wurde mir sehr schnell klar, dass dieser Job mein absoluter Traumjob ist.<\/span><br \/>\n<span style=\"color: #ffffff;\">Meine langj\u00e4hrigen Erfahrungen in den besten Hotel-Spa's Europas, gaben mir die M\u00f6glichkeit einen Einblick in die gro\u00dfe weite Spa-Welt zu erhalten. Ich durfte verschiedene Marken, Anwendungen und Massagestile kennenlernen.<\/span><\/p>\n<p><span style=\"color: #ffffff;\">Ich bin fasziniert \u00fcber die Ergebnisse der nachhaltigen Produkte. Welche Innovationen stecken hinter den Produkten und was sind die wissenschaftlichen Hintergr\u00fcnde. All das treibt mich an und ich kann dies in meinen Behandlungen anwenden und umsetzen.<\/span><\/p>\n<p><span style=\"color: #ffffff;\">Das Beste aus Natur und Wissenschaft, gepaart mit effektiven Massagetechniken.<\/span><\/p>\n<\/div><\/div><\/div><\/div><\/div><\/section><section  id=\"treatments\" class=\"bg-image-srcset cover-background\" style=\"background: url(https:\/\/nadineandres.de\/wp-content\/uploads\/2016\/04\/behandlungen.jpg) no-repeat;\" data-bg-srcset=\"https:\/\/nadineandres.de\/wp-content\/uploads\/2016\/04\/behandlungen.jpg 1900w, https:\/\/nadineandres.de\/wp-content\/uploads\/2016\/04\/behandlungen-300x130.jpg 300w, https:\/\/nadineandres.de\/wp-content\/uploads\/2016\/04\/behandlungen-768x333.jpg 768w, https:\/\/nadineandres.de\/wp-content\/uploads\/2016\/04\/behandlungen-1024x445.jpg 1024w, https:\/\/nadineandres.de\/wp-content\/uploads\/2016\/04\/behandlungen-420x182.jpg 420w, https:\/\/nadineandres.de\/wp-content\/uploads\/2016\/04\/behandlungen-1200x521.jpg 1200w\"><div class=\"container\"><div class=\"row\"><div class=\"wpb_column brando-column-container col-sm-12 col-md-12 col-xs-12 text-center margin-seven-bottom xs-margin-ten-bottom\"><div class=\"vc-column-innner-wrapper\"><div class=\"wpd-innner-wrapper\"><p><span class=\"text-uppercase title-extra-large alt-font text-decoration-line-through fast-pink-text \"><span class=\"display-block\">02<\/span><\/span><\/p>\n<h6 class=\"alt-font  heading-style7 no-margin brando_heading_1505399587-2-77\" style=\"color:#ffffff !important;\"><span class=\"crimson-red-text\">\/<\/span> BEHANDLUNGEN<\/h6><\/div><\/div><\/div><div class=\"wpb_column brando-column-container col-sm-6 col-md-5 col-xs-12 pull-right text-left md-text-left sm-text-left xs-text-left\"><div class=\"vc-column-innner-wrapper\"><div class=\"wpd-innner-wrapper\"><span class=\"text-extra-large margin-six-bottom display-inline-block alt-font black-text\" style=\"color:#ffffff !important;\">Egal, ob in 45, 60 oder 90 Minuten - Sie werden Ihre ungest\u00f6rte Auszeit vom Alltag genie\u00dfen.<\/span><p>Entscheiden Sie vor Ort, ob Sie eine kosmetische Behandlung, eine Massage oder eine Kombination aus beiden erleben m\u00f6chten.<\/p>\n<p>Je nach Ihren W\u00fcnschen und Zielen wird die Behandlung individuell auf Ihre Hautbed\u00fcrfnisse und Tagesform abgestimmt.<\/p>\n<\/div><\/div><\/div><\/div><\/div><\/section><section  class=\"bg-image-srcset fix-background\" style=\"background: url(https:\/\/nadineandres.de\/wp-content\/uploads\/2016\/04\/marken.jpg) no-repeat;\" data-bg-srcset=\"https:\/\/nadineandres.de\/wp-content\/uploads\/2016\/04\/marken.jpg 1920w, https:\/\/nadineandres.de\/wp-content\/uploads\/2016\/04\/marken-300x169.jpg 300w, https:\/\/nadineandres.de\/wp-content\/uploads\/2016\/04\/marken-768x432.jpg 768w, https:\/\/nadineandres.de\/wp-content\/uploads\/2016\/04\/marken-1024x576.jpg 1024w, https:\/\/nadineandres.de\/wp-content\/uploads\/2016\/04\/marken-420x236.jpg 420w, https:\/\/nadineandres.de\/wp-content\/uploads\/2016\/04\/marken-1200x675.jpg 1200w\"><div class=\"opacity-full\" style=\" opacity:0.8; background-color:#252525;\"><\/div><div class=\"container\"><div class=\"row\"><div class=\"wpb_column brando-column-container position-relative col-md-11 col-xs-mobile-fullwidth\"><div class=\"vc-column-innner-wrapper\"><div class=\"wpd-innner-wrapper\">[vc_single_image image=\"5447\" img_size=\"full\" alignment=\"center\"]<\/div><\/div><\/div><\/div><\/div><\/section><section  id=\"booking\" class=\"row-equal-height row-content-middle bg-image-srcset parallax-fix\" style=\"background: url(https:\/\/nadineandres.de\/wp-content\/uploads\/2016\/04\/LADEN-III.jpg) no-repeat;\" data-bg-srcset=\"https:\/\/nadineandres.de\/wp-content\/uploads\/2016\/04\/LADEN-III.jpg 1920w, https:\/\/nadineandres.de\/wp-content\/uploads\/2016\/04\/LADEN-III-300x200.jpg 300w, https:\/\/nadineandres.de\/wp-content\/uploads\/2016\/04\/LADEN-III-768x512.jpg 768w, https:\/\/nadineandres.de\/wp-content\/uploads\/2016\/04\/LADEN-III-1024x683.jpg 1024w, https:\/\/nadineandres.de\/wp-content\/uploads\/2016\/04\/LADEN-III-420x280.jpg 420w, https:\/\/nadineandres.de\/wp-content\/uploads\/2016\/04\/LADEN-III-1050x700.jpg 1050w\"><div class=\"container\"><div class=\"row\"><div class=\"wpb_column brando-column-container col-sm-12 col-md-12 col-xs-12 text-center margin-seven-bottom xs-margin-ten-bottom\"><div class=\"vc-column-innner-wrapper\"><div class=\"wpd-innner-wrapper\"><p><span class=\"text-uppercase title-extra-large alt-font text-decoration-line-through fast-pink-text \"><span class=\"display-block\">03<\/span><\/span><\/p>\n<h6 class=\"alt-font  heading-style7 no-margin brando_heading_1505492603-2-67\" style=\"color:#ffffff !important;\"><span class=\"crimson-red-text\">\/<\/span> BUCHUNG<\/h6>[vc_wp_text title=\" \"]<a href=\"https:\/\/buchung.treatwell.de\/place\/310781\/menu\/\" target=\"blank\"><img src=\"http:\/\/nadineandres.de\/wp-content\/uploads\/2017\/10\/Termin_buchen-Kopie3.png\" \/><\/a>[\/vc_wp_text]<\/div><\/div><\/div><\/div><\/div><\/section><section id=\"contact\" style=\"background-color:#252525;\"><div class=\"container\"><div class=\"row\"><div class=\"wpb_column brando-column-container col-sm-12 col-md-12 col-xs-12 text-center margin-seven-bottom xs-margin-ten-bottom\"><div class=\"vc-column-innner-wrapper\"><div class=\"wpd-innner-wrapper\"><p><span class=\"text-uppercase title-extra-large alt-font text-decoration-line-through fast-pink-text \"><span class=\"display-block\">04<\/span><\/span><\/p>\n<h6 class=\"alt-font  heading-style9 no-margin brando_heading_1505476972-2-96\" style=\"color:#ffffff !important;\">KONTAKT<\/h6><\/div><\/div><\/div><div class=\"wpb_column brando-column-container col-sm-12 col-md-5 col-xs-12 xs-text-center no-padding sm-margin-five-bottom\"><div class=\"vc-column-innner-wrapper\"><div class=\"wpd-innner-wrapper\"><div><div class=\"wpb_column brando-column-container col-sm-4 col-md-12 col-xs-12 xs-text-center no-padding margin-eleven-bottom sm-no-margin xs-margin-four-bottom\"><div class=\"vc-column-innner-wrapper\"><div class=\"wpd-innner-wrapper\"><div class=\"col-md-2 col-sm-1\"><i class=\"icon-map-pin icon-medium margin-one-half sm-icon-small no-margin-lr\" style=\"color:#9a9a9a !important;\"><\/i><\/div><div class=\"col-md-10 col-sm-10\"><span class=\"text-uppercase alt-font black-text text-large font-weight-600\" style=\"color:#ffffff !important;\">Adresse<\/span><p><span style=\"color: #ffffff;\">Andres Waschulewski GbR<\/span><br \/>\n<span style=\"color: #ffffff;\">Nadine Andres Waschulewski &amp; Andreas Waschulewski<\/span><\/p>\n<p><span style=\"color: #ffffff;\">Heinrich-Roller- Strasse 23<\/span><br \/>\n<span style=\"color: #ffffff;\">10405 Berlin<\/span><\/p>\n<\/div><\/div><\/div><\/div><div class=\"wpb_column brando-column-container col-sm-4 col-md-12 col-xs-12 xs-text-center no-padding margin-eleven-bottom sm-no-margin xs-margin-four-bottom\"><div class=\"vc-column-innner-wrapper\"><div class=\"wpd-innner-wrapper\"><div class=\"col-md-2 col-sm-1\"><i class=\"icon-envelope icon-medium margin-one-half sm-icon-small no-margin-lr\" style=\"color:#9a9a9a !important;\"><\/i><\/div><div class=\"col-md-10 col-sm-10\"><span class=\"text-uppercase alt-font black-text text-large font-weight-600\" style=\"color:#ffffff !important;\">mail<\/span><p class=\"text-medium\"><span style=\"color: #ffffff;\"><a href=\"mailto:info@nadineandres.de\">info@nadineandres.de<\/a><\/span><\/p>\n<\/div><\/div><\/div><\/div><\/div><\/div><\/div><\/div><div class=\"wpb_column brando-column-container col-sm-12 col-md-7 col-xs-12\"><div class=\"vc-column-innner-wrapper\"><div class=\"wpd-innner-wrapper\">[vc_single_image image=\"5479\" img_size=\"full\"]<\/div><\/div><\/div><\/div><\/div><\/section>","protected":false},"excerpt":{"rendered":"<p>In einer Berliner Remise treffen Stil und zeitgem\u00e4\u00dfe Flexibilit\u00e4t aufeinander und bewirken Gutes: neue Kraft und vollkommene Entspannung f\u00fcr Sie. Ich freue mich auf Sie, Nadine Andres Kosmetik und MassageIn einer Berliner Remise treffen Stil und zeitgem\u00e4\u00dfe Flexibilit\u00e4t aufeinander und bewirken Gutes: neue Kraft und vollkommene Entspannung f\u00fcr Sie. Ich freue mich auf Sie, Nadine [&hellip;]<\/p>\n","protected":false},"author":1,"featured_media":0,"parent":0,"menu_order":0,"comment_status":"closed","ping_status":"closed","template":"","meta":[],"_links":{"self":[{"href":"https:\/\/nadineandres.de\/index.php?rest_route=\/wp\/v2\/pages\/2751"}],"collection":[{"href":"https:\/\/nadineandres.de\/index.php?rest_route=\/wp\/v2\/pages"}],"about":[{"href":"https:\/\/nadineandres.de\/index.php?rest_route=\/wp\/v2\/types\/page"}],"author":[{"embeddable":true,"href":"https:\/\/nadineandres.de\/index.php?rest_route=\/wp\/v2\/users\/1"}],"replies":[{"embeddable":true,"href":"https:\/\/nadineandres.de\/index.php?rest_route=%2Fwp%2Fv2%2Fcomments&post=2751"}],"version-history":[{"count":78,"href":"https:\/\/nadineandres.de\/index.php?rest_route=\/wp\/v2\/pages\/2751\/revisions"}],"predecessor-version":[{"id":5514,"href":"https:\/\/nadineandres.de\/index.php?rest_route=\/wp\/v2\/pages\/2751\/revisions\/5514"}],"wp:attachment":[{"href":"https:\/\/nadineandres.de\/index.php?rest_route=%2Fwp%2Fv2%2Fmedia&parent=2751"}],"curies":[{"name":"wp","href":"https:\/\/api.w.org\/{rel}","templated":true}]}}